{"id":26,"date":"2014-11-02T11:46:24","date_gmt":"2014-11-02T10:46:24","guid":{"rendered":"http:\/\/aikidolons.olympe.in\/?page_id=26"},"modified":"2025-05-25T22:32:53","modified_gmt":"2025-05-25T20:32:53","slug":"les-cours","status":"publish","type":"page","link":"https:\/\/aikidolons.com\/?page_id=26","title":{"rendered":"Les cours"},"content":{"rendered":"<div class=\"wp-block-image is-style-default\">\n<figure class=\"alignleft is-resized\"><img loading=\"lazy\" decoding=\"async\" width=\"880\" height=\"495\" src=\"https:\/\/aikidolons.com\/wp-content\/uploads\/2021\/10\/porte.jpg\" alt=\"\" class=\"wp-image-871\" style=\"width:194px;height:109px\" srcset=\"https:\/\/aikidolons.com\/wp-content\/uploads\/2021\/10\/porte.jpg 880w, https:\/\/aikidolons.com\/wp-content\/uploads\/2021\/10\/porte-300x169.jpg 300w, https:\/\/aikidolons.com\/wp-content\/uploads\/2021\/10\/porte-768x432.jpg 768w\" sizes=\"auto, (max-width: 880px) 100vw, 880px\" \/><\/figure>\n<\/div>\n\n\n<p class=\"has-text-align-left has-normal-font-size\">Dojo d\u00e9partemental<br>101 rue du colonel Casteljau 39000 Lons- le-Saunier<\/p>\n\n\n\n<p><a class=\"not1\" rel=\"noopener noreferrer\" href=\"http:\/\/maps.google.fr\/maps?f=q&amp;source=s_q&amp;hl=fr&amp;geocode=&amp;q=101+rue+du+Colonel+Casteljau++39000+lons+le+saunier+france&amp;sll=46.66867,5.562773&amp;sspn=0.004646,0.009645&amp;g=101+rue+du+Colonel+Casteljau++39000+lons+le+saunier+france&amp;ie=UTF8&amp;hq=&amp;hnear=101+Rue+du+Colonel+de+Casteljau,+39000+Lons-le-Saunier,+Jura,+Franche-Comt%C3%A9&amp;ll=46.667521,5.563846&amp;spn=0.009291,0.01929&amp;z=16\" target=\"_blank\">Acc\u00e9der au plan via Google Maps<\/a><\/p>\n\n\n\n<div class=\"wp-block-columns is-layout-flex wp-container-core-columns-is-layout-9d6595d7 wp-block-columns-is-layout-flex\">\n<div class=\"wp-block-column is-layout-flow wp-block-column-is-layout-flow\"><div class=\"wp-block-image is-style-default\">\n<figure class=\"aligncenter size-full is-resized\"><a href=\"https:\/\/aikidolons.com\/wp-content\/uploads\/2021\/10\/horloge.jpg\"><img loading=\"lazy\" decoding=\"async\" width=\"640\" height=\"640\" src=\"https:\/\/aikidolons.com\/wp-content\/uploads\/2021\/10\/horloge.jpg\" alt=\"\" class=\"wp-image-868\" style=\"width:160px;height:160px\" srcset=\"https:\/\/aikidolons.com\/wp-content\/uploads\/2021\/10\/horloge.jpg 640w, https:\/\/aikidolons.com\/wp-content\/uploads\/2021\/10\/horloge-300x300.jpg 300w, https:\/\/aikidolons.com\/wp-content\/uploads\/2021\/10\/horloge-150x150.jpg 150w\" sizes=\"auto, (max-width: 640px) 100vw, 640px\" \/><\/a><\/figure>\n<\/div>\n\n\n<div class=\"wp-block-columns is-layout-flex wp-container-core-columns-is-layout-9d6595d7 wp-block-columns-is-layout-flex\">\n<div class=\"wp-block-column is-layout-flow wp-block-column-is-layout-flow\">\n<p class=\"has-text-align-center\"><strong>Adultes<\/strong><\/p>\n\n\n\n<p>Mardi et jeudi <\/p>\n\n\n\n<p>19 h 30 \u00e0 20 h 45 (pour tous)<br>20 h45 \u00e0 22 h 00 (anciens)<\/p>\n<\/div>\n\n\n\n<div class=\"wp-block-column is-layout-flow wp-block-column-is-layout-flow\">\n<p class=\"has-text-align-center\"><strong>Enfants<\/strong><\/p>\n\n\n\n<p>Mercredi<\/p>\n\n\n\n<p>6 \u00e0 10 ans de 14 h 30 \u00e0 15 h 30<\/p>\n\n\n\n<p>11 \u00e0 16 ans de 14 h 30 \u00e0 16 h 00<\/p>\n<\/div>\n<\/div>\n<\/div>\n<\/div>\n\n\n\n<p class=\"has-text-align-center\"><\/p>\n\n\n\n<p class=\"has-text-align-center\"><strong><a href=\"https:\/\/aikidolons.com\/wp-content\/uploads\/2021\/10\/porte-monnaie.jpg\"><img loading=\"lazy\" decoding=\"async\" width=\"125\" height=\"115\" class=\"alignnone  wp-image-876\" src=\"https:\/\/aikidolons.com\/wp-content\/uploads\/2021\/10\/porte-monnaie-300x276.jpg\" alt=\"\" srcset=\"https:\/\/aikidolons.com\/wp-content\/uploads\/2021\/10\/porte-monnaie-300x276.jpg 300w, https:\/\/aikidolons.com\/wp-content\/uploads\/2021\/10\/porte-monnaie.jpg 307w\" sizes=\"auto, (max-width: 125px) 100vw, 125px\" \/><\/a><span style=\"text-decoration: underline;\">Tarifs saison 2024\/202<\/span><\/strong>5<\/p>\n\n\n\n<p><span style=\"text-decoration: underline;\">Adulte :<\/span> 140 \u20ac <\/p>\n\n\n\n<p><span style=\"text-decoration: underline;\">Enfant : <\/span><\/p>\n\n\n\n<ul class=\"wp-block-list\">\n<li>90 \u20ac si n\u00e9(e) avant le 01\/09\/2011<\/li>\n<\/ul>\n\n\n\n<ul class=\"wp-block-list\">\n<li>80 \u20ac si n\u00e9(e) \u00e0 partir du 01\/09\/2011<\/li>\n<\/ul>\n\n\n\n<p>10% de r\u00e9duction sur l&rsquo;adh\u00e9sion pour les d\u00e9tenteurs de la carte Avantages jeune&nbsp; <a rel=\"noreferrer noopener\" href=\"http:\/\/www.jeunes-fc.com\/\" target=\"_blank\">jeunes-fc.com<\/a><\/p>\n\n\n\n<p>En cas d\u2019inscription multiple par famille, adh\u00e9sion r\u00e9duite de moiti\u00e9 pour la deuxi\u00e8me personne (r\u00e9duction au licenci\u00e9 dont l&rsquo;adh\u00e9sion est la moins \u00e9lev\u00e9e) et gratuite pour la troisi\u00e8me. Licences payantes pour tous.<\/p>\n\n\n<div class=\"wp-block-image is-style-default\">\n<figure class=\"aligncenter size-full is-resized\"><a href=\"https:\/\/aikidolons.com\/wp-content\/uploads\/2021\/10\/essai.jpg\"><img loading=\"lazy\" decoding=\"async\" width=\"456\" height=\"303\" src=\"https:\/\/aikidolons.com\/wp-content\/uploads\/2021\/10\/essai.jpg\" alt=\"\" class=\"wp-image-890\" style=\"width:228px;height:152px\" srcset=\"https:\/\/aikidolons.com\/wp-content\/uploads\/2021\/10\/essai.jpg 456w, https:\/\/aikidolons.com\/wp-content\/uploads\/2021\/10\/essai-300x199.jpg 300w\" sizes=\"auto, (max-width: 456px) 100vw, 456px\" \/><\/a><\/figure>\n<\/div>\n\n\n<p>Afin de d\u00e9couvrir notre discipline et le club nous vous proposons<strong> <span style=\"text-decoration: underline;\">deux cours d&rsquo;essai gratuits.<\/span><\/strong><\/p>\n\n\n\n<p><\/p>\n\n\n<div class=\"wp-block-image is-style-rounded\">\n<figure class=\"aligncenter size-full is-resized\"><a href=\"https:\/\/aikidolons.com\/wp-content\/uploads\/2021\/10\/inscriptions.jpg\"><img loading=\"lazy\" decoding=\"async\" width=\"1024\" height=\"759\" src=\"https:\/\/aikidolons.com\/wp-content\/uploads\/2021\/10\/inscriptions.jpg\" alt=\"\" class=\"wp-image-886\" style=\"width:256px;height:190px\" srcset=\"https:\/\/aikidolons.com\/wp-content\/uploads\/2021\/10\/inscriptions.jpg 1024w, https:\/\/aikidolons.com\/wp-content\/uploads\/2021\/10\/inscriptions-300x222.jpg 300w, https:\/\/aikidolons.com\/wp-content\/uploads\/2021\/10\/inscriptions-768x569.jpg 768w\" sizes=\"auto, (max-width: 1024px) 100vw, 1024px\" \/><\/a><\/figure>\n<\/div>\n\n\n<p class=\"has-text-align-center\"><strong> &nbsp;&nbsp;&nbsp;&nbsp;&nbsp;&nbsp;&nbsp;&nbsp;&nbsp;<\/strong><\/p>\n\n\n\n<ul class=\"wp-block-list\">\n<li>un certificat m\u00e9dical de moins d&rsquo;un an ( pour les cours et pour un simple essai) ou l&rsquo;attestation de sant\u00e9 pour les anciens licenci\u00e9s apr\u00e8s avoir compl\u00e9t\u00e9 le questionnaire de sant\u00e9.<\/li>\n\n\n\n<li>une demande de licence<\/li>\n<\/ul>\n\n\n\n<p><a href=\"https:\/\/aikidolons.com\/wp-content\/uploads\/2021\/10\/demande_licence_2021-2022-v2.pdf\">T\u00e9l\u00e9charger la demande de licence<\/a><\/p>\n\n\n\n<p><a href=\"https:\/\/aikidolons.com\/wp-content\/uploads\/2023\/07\/renseignements-2023-.pdf\">T\u00e9l\u00e9charger la fiche de renseignements<\/a><\/p>\n\n\n\n<p><a href=\"https:\/\/aikidolons.com\/wp-content\/uploads\/2021\/06\/questionnaire-adulte.pdf\" target=\"_blank\" rel=\"noreferrer noopener\">T\u00e9l\u00e9charger la note d&rsquo;information sur le certificat m\u00e9dical adulte<\/a><\/p>\n\n\n\n<p><a href=\"https:\/\/aikidolons.com\/wp-content\/uploads\/2021\/06\/questionnaire-mineur.pdf\" target=\"_blank\" rel=\"noreferrer noopener\">T\u00e9l\u00e9charger la note d&rsquo;information sur le certificat m\u00e9dical enfant<\/a><\/p>\n\n\n\n<p><br><\/p>\n\n\n\n<p><\/p>\n","protected":false},"excerpt":{"rendered":"<p>Dojo d\u00e9partemental101 rue du colonel Casteljau 39000 Lons- le-Saunier Acc\u00e9der au plan via Google Maps Adultes Mardi et jeudi 19 h 30 \u00e0 20 h 45 (pour tous)20 h45 \u00e0 22 h 00 (anciens) Enfants Mercredi 6 \u00e0 10 ans de 14 h 30 \u00e0 15 h 30 11 \u00e0 16 ans de 14 h &hellip; <a href=\"https:\/\/aikidolons.com\/?page_id=26\" class=\"more-link\">Continuer la lecture de <span class=\"screen-reader-text\">Les cours<\/span>  <span class=\"meta-nav\">&rarr;<\/span><\/a><\/p>\n","protected":false},"author":2,"featured_media":0,"parent":0,"menu_order":3,"comment_status":"open","ping_status":"open","template":"","meta":{"footnotes":""},"class_list":["post-26","page","type-page","status-publish","hentry"],"_links":{"self":[{"href":"https:\/\/aikidolons.com\/index.php?rest_route=\/wp\/v2\/pages\/26","targetHints":{"allow":["GET"]}}],"collection":[{"href":"https:\/\/aikidolons.com\/index.php?rest_route=\/wp\/v2\/pages"}],"about":[{"href":"https:\/\/aikidolons.com\/index.php?rest_route=\/wp\/v2\/types\/page"}],"author":[{"embeddable":true,"href":"https:\/\/aikidolons.com\/index.php?rest_route=\/wp\/v2\/users\/2"}],"replies":[{"embeddable":true,"href":"https:\/\/aikidolons.com\/index.php?rest_route=%2Fwp%2Fv2%2Fcomments&post=26"}],"version-history":[{"count":0,"href":"https:\/\/aikidolons.com\/index.php?rest_route=\/wp\/v2\/pages\/26\/revisions"}],"wp:attachment":[{"href":"https:\/\/aikidolons.com\/index.php?rest_route=%2Fwp%2Fv2%2Fmedia&parent=26"}],"curies":[{"name":"wp","href":"https:\/\/api.w.org\/{rel}","templated":true}]}}