{"id":41,"date":"2014-11-02T12:32:22","date_gmt":"2014-11-02T11:32:22","guid":{"rendered":"http:\/\/aikidolons.olympe.in\/?page_id=41"},"modified":"2023-06-28T19:50:35","modified_gmt":"2023-06-28T17:50:35","slug":"contact","status":"publish","type":"page","link":"https:\/\/aikidolons.com\/?page_id=41","title":{"rendered":"Contact"},"content":{"rendered":"<p><a href=\"https:\/\/aikidolons.com\/wp-content\/uploads\/2014\/11\/main11.jpg\"><img loading=\"lazy\" decoding=\"async\" class=\"alignnone wp-image-139 size-medium\" src=\"https:\/\/aikidolons.com\/wp-content\/uploads\/2014\/11\/main1-300x206.jpg\" alt=\"main\" width=\"300\" height=\"206\" srcset=\"https:\/\/aikidolons.com\/wp-content\/uploads\/2014\/11\/main1-300x206.jpg 300w, https:\/\/aikidolons.com\/wp-content\/uploads\/2014\/11\/main1.jpg 345w\" sizes=\"auto, (max-width: 300px) 100vw, 300px\" \/><\/a><\/p>\n<p>Pour nous contacter par t\u00e9l\u00e9phone :<\/p>\n<p><span class=\"txtplus\">Jo\u00ebl Fromont<\/span><span class=\"txt\"><span class=\"txtplus\">, <\/span>responsable section A\u00efkido<\/span><br \/>\n<span class=\"txt\">06 13 64 32 89<br \/>\nMarie Geillon, secr\u00e9taire\u00a0 06 23 99 39 15<br \/>\n<\/span><span class=\"txt\">Ou Fran\u00e7ois Delatour, tr\u00e9sorier\u00a0 <\/span>06 18 34 90 72<\/p>\n<p>Par mail : <a class=\"not1\" href=\"mailto:contact@aikidolons.com\">contact@aikidolons.com<\/a><\/p>\n<p>A propos du site internet : <a class=\"not1\" href=\"mailto:postmaster@aikidolons.com\">postmaster@aikidolons.com<\/a><\/p>\n","protected":false},"excerpt":{"rendered":"<p>Pour nous contacter par t\u00e9l\u00e9phone : Jo\u00ebl Fromont, responsable section A\u00efkido 06 13 64 32 89 Marie Geillon, secr\u00e9taire\u00a0 06 23 99 39 15 Ou Fran\u00e7ois Delatour, tr\u00e9sorier\u00a0 06 18 34 90 72 Par mail : contact@aikidolons.com A propos du site internet : postmaster@aikidolons.com<\/p>\n","protected":false},"author":2,"featured_media":0,"parent":0,"menu_order":7,"comment_status":"open","ping_status":"open","template":"","meta":{"footnotes":""},"class_list":["post-41","page","type-page","status-publish","hentry"],"_links":{"self":[{"href":"https:\/\/aikidolons.com\/index.php?rest_route=\/wp\/v2\/pages\/41","targetHints":{"allow":["GET"]}}],"collection":[{"href":"https:\/\/aikidolons.com\/index.php?rest_route=\/wp\/v2\/pages"}],"about":[{"href":"https:\/\/aikidolons.com\/index.php?rest_route=\/wp\/v2\/types\/page"}],"author":[{"embeddable":true,"href":"https:\/\/aikidolons.com\/index.php?rest_route=\/wp\/v2\/users\/2"}],"replies":[{"embeddable":true,"href":"https:\/\/aikidolons.com\/index.php?rest_route=%2Fwp%2Fv2%2Fcomments&post=41"}],"version-history":[{"count":0,"href":"https:\/\/aikidolons.com\/index.php?rest_route=\/wp\/v2\/pages\/41\/revisions"}],"wp:attachment":[{"href":"https:\/\/aikidolons.com\/index.php?rest_route=%2Fwp%2Fv2%2Fmedia&parent=41"}],"curies":[{"name":"wp","href":"https:\/\/api.w.org\/{rel}","templated":true}]}}