{"id":53,"date":"2014-11-02T13:18:23","date_gmt":"2014-11-02T12:18:23","guid":{"rendered":"http:\/\/aikidolons.olympe.in\/?page_id=53"},"modified":"2014-11-02T13:18:23","modified_gmt":"2014-11-02T12:18:23","slug":"bibliotheque","status":"publish","type":"page","link":"https:\/\/aikidolons.com\/?page_id=53","title":{"rendered":"Biblioth\u00e8que"},"content":{"rendered":"<p><a href=\"https:\/\/aikidolons.com\/wp-content\/uploads\/2014\/11\/livres11.jpg\"><img loading=\"lazy\" decoding=\"async\" class=\"size-medium wp-image-119 aligncenter\" src=\"https:\/\/aikidolons.com\/wp-content\/uploads\/2014\/11\/livres1-300x200.jpg\" alt=\"livres\" width=\"300\" height=\"200\" srcset=\"https:\/\/aikidolons.com\/wp-content\/uploads\/2014\/11\/livres1-300x200.jpg 300w, https:\/\/aikidolons.com\/wp-content\/uploads\/2014\/11\/livres1.jpg 720w\" sizes=\"auto, (max-width: 300px) 100vw, 300px\" \/><\/a><\/p>\n<p>Le club met <strong>gratuitement<\/strong> \u00e0 votre disposition des livres et des DVD.<\/p>\n<p>Pour tout emprunt s&rsquo;adresser \u00e0 Laurent.<br \/>\nN\u2019h\u00e9sitez pas \u00e0 faire des suggestions d&rsquo;achat.<\/p>\n<p><strong>Livres :<\/strong><\/p>\n<ul>\n<li>Les secrets de l\u2019A\u00efkido de John Stevens,<\/li>\n<li>Comprendre l&rsquo;a\u00efkido<\/li>\n<li>A\u00efkido initiation de Christian TISSIER,<\/li>\n<li>A\u00efkido fondamental Tome 1 de Christian TISSIER (culture et tradition),<\/li>\n<li>A\u00efkido fondamental Tome 2 de Christian TISSIER<\/li>\n<li>A\u00efkido fondamental Tome 3 &#8211; A\u00efki-j\u00f4 &#8211; Techniques de b\u00e2ton<\/li>\n<li>A\u00efkido fondamental Techniques avanc\u00e9es<\/li>\n<li>A\u00efkido Progression d&rsquo;enseignement<\/li>\n<li>A\u00efkido en bandes dessin\u00e9es Niveau d\u00e9butant 6e et 5e kyu<\/li>\n<li>A\u00efkido : progression A\u00efkika\u00ef : Manuel p\u00e9dagogique de Moriteru Ueshiba<\/li>\n<\/ul>\n<p><strong>DVD :<\/strong><\/p>\n<ul>\n<li>Stage international de kisshomaru Ueshiba \u00e0 Paris 2004,<\/li>\n<li>A\u00efkido principes et applications (vol 1 Immobilisation) de Christian TISSIER ,<\/li>\n<li>A\u00efkido principes et applications (vol 2 Projection) de Christian TISSIER,<\/li>\n<li>A\u00efkido principes et applications (vol 3 Pieds et poings) de Christian TISSIER<\/li>\n<li>A\u00efkido fondamental de Christian TISSIER<\/li>\n<li>La r\u00e9f\u00e9rence des mouvements de base par O\u2019sensei.<\/li>\n<\/ul>\n<p><strong>R\u00e8glement de la biblioth\u00e8que<\/strong><\/p>\n<p>La biblioth\u00e8que est ouverte \u00e0 tous les membres affili\u00e9s au club et ayant pay\u00e9 une cotisation au club pour la saison.<\/p>\n<p>L\u2019acc\u00e8s \u00e0 la biblioth\u00e8que et la consultation sur place des documents est possible sur demande aupr\u00e8s de Laurent.<\/p>\n<p>La consultation, la communication et le pr\u00eat de documents sont gratuits.<\/p>\n<p>L\u2019usager peut emprunter un maximum de 2 documents ( livres, CD, DVD ) pour 4 semaines.<\/p>\n<p>Le pr\u00eat est consenti \u00e0 titre individuel et sous la responsabilit\u00e9 de l\u2019emprunteur.<\/p>\n<p>Il est demand\u00e9 aux lecteurs de prendre soin des documents qui leur sont communiqu\u00e9s ou pr\u00eat\u00e9s.<\/p>\n<p>En cas de perte ou de d\u00e9t\u00e9rioration grave d\u2019un document, l\u2019emprunteur doit assurer son remplacement.<\/p>\n<p>Tout usager, par le fait d\u2019emprunter s\u2019engage \u00e0 se conformer au pr\u00e9sent r\u00e8glement.<\/p>\n<p>&nbsp;<\/p>\n","protected":false},"excerpt":{"rendered":"<p>Le club met gratuitement \u00e0 votre disposition des livres et des DVD. Pour tout emprunt s&rsquo;adresser \u00e0 Laurent. N\u2019h\u00e9sitez pas \u00e0 faire des suggestions d&rsquo;achat. Livres : Les secrets de l\u2019A\u00efkido de John Stevens, Comprendre l&rsquo;a\u00efkido A\u00efkido initiation de Christian TISSIER, A\u00efkido fondamental Tome 1 de Christian TISSIER (culture et tradition), A\u00efkido fondamental Tome 2 &hellip; <a href=\"https:\/\/aikidolons.com\/?page_id=53\" class=\"more-link\">Continuer la lecture de <span class=\"screen-reader-text\">Biblioth\u00e8que<\/span>  <span class=\"meta-nav\">&rarr;<\/span><\/a><\/p>\n","protected":false},"author":2,"featured_media":0,"parent":0,"menu_order":5,"comment_status":"open","ping_status":"open","template":"","meta":{"footnotes":""},"class_list":["post-53","page","type-page","status-publish","hentry"],"_links":{"self":[{"href":"https:\/\/aikidolons.com\/index.php?rest_route=\/wp\/v2\/pages\/53","targetHints":{"allow":["GET"]}}],"collection":[{"href":"https:\/\/aikidolons.com\/index.php?rest_route=\/wp\/v2\/pages"}],"about":[{"href":"https:\/\/aikidolons.com\/index.php?rest_route=\/wp\/v2\/types\/page"}],"author":[{"embeddable":true,"href":"https:\/\/aikidolons.com\/index.php?rest_route=\/wp\/v2\/users\/2"}],"replies":[{"embeddable":true,"href":"https:\/\/aikidolons.com\/index.php?rest_route=%2Fwp%2Fv2%2Fcomments&post=53"}],"version-history":[{"count":0,"href":"https:\/\/aikidolons.com\/index.php?rest_route=\/wp\/v2\/pages\/53\/revisions"}],"wp:attachment":[{"href":"https:\/\/aikidolons.com\/index.php?rest_route=%2Fwp%2Fv2%2Fmedia&parent=53"}],"curies":[{"name":"wp","href":"https:\/\/api.w.org\/{rel}","templated":true}]}}