{"id":57,"date":"2014-11-02T13:19:32","date_gmt":"2014-11-02T12:19:32","guid":{"rendered":"http:\/\/aikidolons.olympe.in\/?page_id=57"},"modified":"2019-09-01T12:04:28","modified_gmt":"2019-09-01T10:04:28","slug":"liens","status":"publish","type":"page","link":"https:\/\/aikidolons.com\/?page_id=57","title":{"rendered":"Liens"},"content":{"rendered":"<p><a href=\"https:\/\/aikidolons.com\/wp-content\/uploads\/2014\/11\/hakama11.jpg\"><img loading=\"lazy\" decoding=\"async\" class=\"alignnone wp-image-137 size-thumbnail\" src=\"https:\/\/aikidolons.com\/wp-content\/uploads\/2014\/11\/hakama1-150x150.jpg\" alt=\"hakama\" width=\"150\" height=\"150\" \/><\/a><\/p>\n<p><a href=\"https:\/\/aikidolons.com\/wp-content\/uploads\/2019\/09\/LOGO1-1.jpg\"><img loading=\"lazy\" decoding=\"async\" class=\"wp-image-695  alignleft\" src=\"https:\/\/aikidolons.com\/wp-content\/uploads\/2019\/09\/LOGO1-1.jpg\" alt=\"\" width=\"136\" height=\"84\" \/><\/a><\/p>\n<p>\u00a0<\/p>\n<p>10% de r\u00e9duction sur l\u2019adh\u00e9sion pour les d\u00e9tenteurs de la carte avantages jeunes.<\/p>\n<p><a href=\"http:\/\/www.budo-fight.com\/\" target=\"_blank\" rel=\"noopener noreferrer\"><img loading=\"lazy\" decoding=\"async\" class=\"alignleft wp-image-418 \" src=\"https:\/\/aikidolons.com\/wp-content\/uploads\/2014\/11\/333x75xlogo.png.pagespeed.ic_.2bdZSh2NCi.png\" alt=\"333x75xlogo.png.pagespeed.ic.2bdZSh2NCi\" width=\"191\" height=\"43\" srcset=\"https:\/\/aikidolons.com\/wp-content\/uploads\/2014\/11\/333x75xlogo.png.pagespeed.ic_.2bdZSh2NCi.png 333w, https:\/\/aikidolons.com\/wp-content\/uploads\/2014\/11\/333x75xlogo.png.pagespeed.ic_.2bdZSh2NCi-300x68.png 300w\" sizes=\"auto, (max-width: 191px) 100vw, 191px\" \/><\/a>Boutique en ligne : ( 10% de r\u00e9duction pour les licenci\u00e9s du club, demander le mot de passe \u00e0 Laurent)<\/p>\n<p>\u00a0<\/p>\n<p><a href=\"http:\/\/www.aikido.com.fr\" target=\"_blank\" rel=\"noopener noreferrer\">F\u00e9d\u00e9ration Fran\u00e7aise d&rsquo;A\u00efkido, A\u00efkibudo et Affinitaires<\/a><\/p>\n<p><a href=\"http:\/\/www.stages-aikido.fr\/calendrier-stages-aikido-region-franche-comte.htm\">Calendrier des stages d&rsquo;A\u00efkido se d\u00e9roulant en France<\/a><\/p>\n<p><a href=\"http:\/\/aikido-franchecomte.com\" target=\"_blank\" rel=\"noopener noreferrer\">Ligue d&rsquo;aikido de Franche-Comte<\/a><\/p>\n<p><a href=\"http:\/\/www.christiantissier.com\" target=\"_blank\" rel=\"noopener noreferrer\">Site officiel de Christian Tissier<\/a><\/p>\n<p><a href=\"http:\/\/www.michelerb.com\/\" target=\"_blank\" rel=\"noopener noreferrer\">Site officiel de Michel Erb<\/a><\/p>\n<p><a href=\"http:\/\/www.aikido-club-de-bourg-en-bresse.com\" target=\"_blank\" rel=\"noopener noreferrer\">A\u00efkido Club de Bourg en Bresse <\/a><\/p>\n<p><a href=\"http:\/\/association.gama.free.fr\/\" target=\"_blank\" rel=\"noopener noreferrer\">A\u00efkido Club de Josette Nickels<\/a><\/p>\n<p><a href=\"http:\/\/julienhenriet.fr\/\" target=\"_blank\" rel=\"noopener noreferrer\">A\u00efkido Club de Julien Henriet sur Besan\u00e7on<\/a><\/p>\n<p><a href=\"http:\/\/www.aikido-club-san-claudien.com\" target=\"_blank\" rel=\"noopener noreferrer\">A\u00efkido Club San-Claudien<\/a><\/p>\n<p><a href=\"http:\/\/gonojukan.free.fr\" target=\"_blank\" rel=\"noopener noreferrer\">Cercle Bisontin d\u2019A\u00efkido &amp; Kenjutsu<\/a><\/p>\n<p><a class=\"not1\" href=\"http:\/\/www.eveil-sportif-montmorot.fr\/7.html\" target=\"_blank\" rel=\"noopener noreferrer\">Club A\u00efkido de Montmorot<\/a><\/p>\n<p><a class=\"not1\" href=\"http:\/\/www.ville-lons-le-saunier.fr\/sports-loisirs\/aml-aikido-fr.shtml\" target=\"_blank\" rel=\"noopener noreferrer\">Ville de Lons le Saunier<\/a><\/p>\n\n\n<p><\/p>\n","protected":false},"excerpt":{"rendered":"<p>\u00a0 10% de r\u00e9duction sur l\u2019adh\u00e9sion pour les d\u00e9tenteurs de la carte avantages jeunes. Boutique en ligne : ( 10% de r\u00e9duction pour les licenci\u00e9s du club, demander le mot de passe \u00e0 Laurent) \u00a0 F\u00e9d\u00e9ration Fran\u00e7aise d&rsquo;A\u00efkido, A\u00efkibudo et Affinitaires Calendrier des stages d&rsquo;A\u00efkido se d\u00e9roulant en France Ligue d&rsquo;aikido de Franche-Comte Site officiel &hellip; <a href=\"https:\/\/aikidolons.com\/?page_id=57\" class=\"more-link\">Continuer la lecture de <span class=\"screen-reader-text\">Liens<\/span>  <span class=\"meta-nav\">&rarr;<\/span><\/a><\/p>\n","protected":false},"author":2,"featured_media":0,"parent":0,"menu_order":6,"comment_status":"open","ping_status":"open","template":"","meta":{"footnotes":""},"class_list":["post-57","page","type-page","status-publish","hentry"],"_links":{"self":[{"href":"https:\/\/aikidolons.com\/index.php?rest_route=\/wp\/v2\/pages\/57","targetHints":{"allow":["GET"]}}],"collection":[{"href":"https:\/\/aikidolons.com\/index.php?rest_route=\/wp\/v2\/pages"}],"about":[{"href":"https:\/\/aikidolons.com\/index.php?rest_route=\/wp\/v2\/types\/page"}],"author":[{"embeddable":true,"href":"https:\/\/aikidolons.com\/index.php?rest_route=\/wp\/v2\/users\/2"}],"replies":[{"embeddable":true,"href":"https:\/\/aikidolons.com\/index.php?rest_route=%2Fwp%2Fv2%2Fcomments&post=57"}],"version-history":[{"count":0,"href":"https:\/\/aikidolons.com\/index.php?rest_route=\/wp\/v2\/pages\/57\/revisions"}],"wp:attachment":[{"href":"https:\/\/aikidolons.com\/index.php?rest_route=%2Fwp%2Fv2%2Fmedia&parent=57"}],"curies":[{"name":"wp","href":"https:\/\/api.w.org\/{rel}","templated":true}]}}